{"id":441,"date":"2024-10-09T12:54:44","date_gmt":"2024-10-09T10:54:44","guid":{"rendered":"https:\/\/inforcopysegarra.com\/?post_type=product&#038;p=441"},"modified":"2024-10-09T12:54:44","modified_gmt":"2024-10-09T10:54:44","slug":"reloj-led-minnie-mouse","status":"publish","type":"product","link":"https:\/\/inforcopysegarra.com\/?product=reloj-led-minnie-mouse","title":{"rendered":"Reloj led Minnie Mouse"},"content":{"rendered":"<p>Fabricado con materiales de alta calidad, este bonito reloj digital, tiene la correa en color rosa, con la imagen de Minnie Mouse con su t\u00edpico vestido rojo de lunares.<\/p>\n<p>La esfera de color plateada es de forma cuadrada, y tiene una pantalla negra, donde aparece, cuando pulsas el bot\u00f3n la hora y la fecha en luces led.<\/p>\n<p>Sin duda un bonito reloj, con el que los peque\u00f1os de la casa podr\u00e1n aprender las horas y los d\u00edas, adem\u00e1s de mantener un horario para controlar sus tareas, merendar, comer, hacer los deberes, salir a jugar y dem\u00e1s actividades extra escolares.<\/p>\n","protected":false},"excerpt":{"rendered":"<p>Fabricado con materiales de alta calidad, este bonito reloj digital, tiene la correa en color rosa, con la imagen de Minnie Mouse con su t\u00edpico vestido<span class=\"excerpt-hellip\"> [\u2026]<\/span><\/p>\n","protected":false},"featured_media":442,"comment_status":"closed","ping_status":"closed","template":"","meta":[],"product_brand":[],"product_cat":[28],"product_tag":[],"class_list":{"0":"post-441","1":"product","2":"type-product","3":"status-publish","4":"has-post-thumbnail","6":"product_cat-regalos","8":"first","9":"instock","10":"shipping-taxable","11":"purchasable","12":"product-type-simple"},"_links":{"self":[{"href":"https:\/\/inforcopysegarra.com\/index.php?rest_route=\/wp\/v2\/product\/441","targetHints":{"allow":["GET"]}}],"collection":[{"href":"https:\/\/inforcopysegarra.com\/index.php?rest_route=\/wp\/v2\/product"}],"about":[{"href":"https:\/\/inforcopysegarra.com\/index.php?rest_route=\/wp\/v2\/types\/product"}],"replies":[{"embeddable":true,"href":"https:\/\/inforcopysegarra.com\/index.php?rest_route=%2Fwp%2Fv2%2Fcomments&post=441"}],"wp:featuredmedia":[{"embeddable":true,"href":"https:\/\/inforcopysegarra.com\/index.php?rest_route=\/wp\/v2\/media\/442"}],"wp:attachment":[{"href":"https:\/\/inforcopysegarra.com\/index.php?rest_route=%2Fwp%2Fv2%2Fmedia&parent=441"}],"wp:term":[{"taxonomy":"product_brand","embeddable":true,"href":"https:\/\/inforcopysegarra.com\/index.php?rest_route=%2Fwp%2Fv2%2Fproduct_brand&post=441"},{"taxonomy":"product_cat","embeddable":true,"href":"https:\/\/inforcopysegarra.com\/index.php?rest_route=%2Fwp%2Fv2%2Fproduct_cat&post=441"},{"taxonomy":"product_tag","embeddable":true,"href":"https:\/\/inforcopysegarra.com\/index.php?rest_route=%2Fwp%2Fv2%2Fproduct_tag&post=441"}],"curies":[{"name":"wp","href":"https:\/\/api.w.org\/{rel}","templated":true}]}}