{"id":450,"date":"2024-10-09T13:39:47","date_gmt":"2024-10-09T11:39:47","guid":{"rendered":"https:\/\/inforcopysegarra.com\/?post_type=product&#038;p=450"},"modified":"2024-10-09T13:39:47","modified_gmt":"2024-10-09T11:39:47","slug":"botella-pop-up-450-ml-paw-patrol-pup-power","status":"publish","type":"product","link":"https:\/\/inforcopysegarra.com\/?product=botella-pop-up-450-ml-paw-patrol-pup-power","title":{"rendered":"Botella Pop Up 450 ML Paw Patrol Pup Power"},"content":{"rendered":"<p>Pr\u00e1ctica botella infantil decorada con los personajes m\u00e1s representativos del mundo del cine y la televisi\u00f3n para ni\u00f1os. Dispone de un tap\u00f3n con cierre de seguridad y apertura autom\u00e1tica, que permiten mantener limpia la zona por donde se bebe. Adem\u00e1s, los ni\u00f1os podr\u00e1n transportarla all\u00e1 donde vayan, gracias a las correas con medidas de seguridad incorporadas. Caracter\u00edsticas: \u2013 Capacidad: 450 ML.<\/p>\n","protected":false},"excerpt":{"rendered":"<p>Pr\u00e1ctica botella infantil decorada con los personajes m\u00e1s representativos del mundo del cine y la televisi\u00f3n para ni\u00f1os. Dispone de un tap\u00f3n con cierre de seguridad<span class=\"excerpt-hellip\"> [\u2026]<\/span><\/p>\n","protected":false},"featured_media":451,"comment_status":"closed","ping_status":"closed","template":"","meta":[],"product_brand":[],"product_cat":[28],"product_tag":[],"class_list":{"0":"post-450","1":"product","2":"type-product","3":"status-publish","4":"has-post-thumbnail","6":"product_cat-regalos","8":"first","9":"instock","10":"shipping-taxable","11":"purchasable","12":"product-type-simple"},"_links":{"self":[{"href":"https:\/\/inforcopysegarra.com\/index.php?rest_route=\/wp\/v2\/product\/450","targetHints":{"allow":["GET"]}}],"collection":[{"href":"https:\/\/inforcopysegarra.com\/index.php?rest_route=\/wp\/v2\/product"}],"about":[{"href":"https:\/\/inforcopysegarra.com\/index.php?rest_route=\/wp\/v2\/types\/product"}],"replies":[{"embeddable":true,"href":"https:\/\/inforcopysegarra.com\/index.php?rest_route=%2Fwp%2Fv2%2Fcomments&post=450"}],"wp:featuredmedia":[{"embeddable":true,"href":"https:\/\/inforcopysegarra.com\/index.php?rest_route=\/wp\/v2\/media\/451"}],"wp:attachment":[{"href":"https:\/\/inforcopysegarra.com\/index.php?rest_route=%2Fwp%2Fv2%2Fmedia&parent=450"}],"wp:term":[{"taxonomy":"product_brand","embeddable":true,"href":"https:\/\/inforcopysegarra.com\/index.php?rest_route=%2Fwp%2Fv2%2Fproduct_brand&post=450"},{"taxonomy":"product_cat","embeddable":true,"href":"https:\/\/inforcopysegarra.com\/index.php?rest_route=%2Fwp%2Fv2%2Fproduct_cat&post=450"},{"taxonomy":"product_tag","embeddable":true,"href":"https:\/\/inforcopysegarra.com\/index.php?rest_route=%2Fwp%2Fv2%2Fproduct_tag&post=450"}],"curies":[{"name":"wp","href":"https:\/\/api.w.org\/{rel}","templated":true}]}}