{"id":467,"date":"2024-10-09T17:37:05","date_gmt":"2024-10-09T15:37:05","guid":{"rendered":"https:\/\/inforcopysegarra.com\/?post_type=product&#038;p=467"},"modified":"2024-10-09T17:37:05","modified_gmt":"2024-10-09T15:37:05","slug":"mochila-bolso-oxford-b-trendy-verde-safari","status":"publish","type":"product","link":"https:\/\/inforcopysegarra.com\/?product=mochila-bolso-oxford-b-trendy-verde-safari","title":{"rendered":"Mochila-bolso oxford B-Trendy verde safari"},"content":{"rendered":"<p>Tote bag confeccionada en poli\u00e9ster reciclado RPET. El modelo B-TRENDT est\u00e1 pensada para el d\u00eda a d\u00eda, con capacidad optima, compartimento para PC y un dise\u00f1o atemporal. La puedes llevar de dos maneras: como bolso o como bandolera. 10 compartimentos de distintos tama\u00f1os para que puedas organizar todo tu material sin perder nada.<\/p>\n<p>Cuenta con protectores de goma en la base y tela de refuerzo para poder dejarla en el suelo, bolsillo lateral para smartphone o peque\u00f1os elementos, bolsillo lateral con goma para bebidas.<\/p>\n","protected":false},"excerpt":{"rendered":"<p>Tote bag confeccionada en poli\u00e9ster reciclado RPET. El modelo B-TRENDT est\u00e1 pensada para el d\u00eda a d\u00eda, con capacidad optima, compartimento para PC y un dise\u00f1o<span class=\"excerpt-hellip\"> [\u2026]<\/span><\/p>\n","protected":false},"featured_media":468,"comment_status":"closed","ping_status":"closed","template":"","meta":[],"product_brand":[],"product_cat":[121,113],"product_tag":[],"class_list":{"0":"post-467","1":"product","2":"type-product","3":"status-publish","4":"has-post-thumbnail","6":"product_cat-material-escolar","7":"product_cat-mochilas","9":"first","10":"instock","11":"shipping-taxable","12":"purchasable","13":"product-type-simple"},"_links":{"self":[{"href":"https:\/\/inforcopysegarra.com\/index.php?rest_route=\/wp\/v2\/product\/467","targetHints":{"allow":["GET"]}}],"collection":[{"href":"https:\/\/inforcopysegarra.com\/index.php?rest_route=\/wp\/v2\/product"}],"about":[{"href":"https:\/\/inforcopysegarra.com\/index.php?rest_route=\/wp\/v2\/types\/product"}],"replies":[{"embeddable":true,"href":"https:\/\/inforcopysegarra.com\/index.php?rest_route=%2Fwp%2Fv2%2Fcomments&post=467"}],"wp:featuredmedia":[{"embeddable":true,"href":"https:\/\/inforcopysegarra.com\/index.php?rest_route=\/wp\/v2\/media\/468"}],"wp:attachment":[{"href":"https:\/\/inforcopysegarra.com\/index.php?rest_route=%2Fwp%2Fv2%2Fmedia&parent=467"}],"wp:term":[{"taxonomy":"product_brand","embeddable":true,"href":"https:\/\/inforcopysegarra.com\/index.php?rest_route=%2Fwp%2Fv2%2Fproduct_brand&post=467"},{"taxonomy":"product_cat","embeddable":true,"href":"https:\/\/inforcopysegarra.com\/index.php?rest_route=%2Fwp%2Fv2%2Fproduct_cat&post=467"},{"taxonomy":"product_tag","embeddable":true,"href":"https:\/\/inforcopysegarra.com\/index.php?rest_route=%2Fwp%2Fv2%2Fproduct_tag&post=467"}],"curies":[{"name":"wp","href":"https:\/\/api.w.org\/{rel}","templated":true}]}}