{"id":469,"date":"2024-10-09T17:39:26","date_gmt":"2024-10-09T15:39:26","guid":{"rendered":"https:\/\/inforcopysegarra.com\/?post_type=product&#038;p=469"},"modified":"2024-10-09T17:39:26","modified_gmt":"2024-10-09T15:39:26","slug":"mi-dieta-cojea","status":"publish","type":"product","link":"https:\/\/inforcopysegarra.com\/?product=mi-dieta-cojea","title":{"rendered":"Mi dieta cojea"},"content":{"rendered":"<p>Qui\u00e9n no ha o\u00eddo, y repetido, muchas veces frases como \u00abLa grasa engorda\u00bb, \u00abPara adelgazar debemos tomar menos calor\u00edas\u00bb, \u00abDesayunar es obligatorio para llevar una dieta saludable\u00bb o \u00abLos huevos suben el colesterol\u00bb.<\/p>\n<p>En\u00a0<em><strong>Mi dieta cojea<\/strong><\/em>, Aitor S\u00e1nchez desmonta muchos de los mitos relacionados con la alimentaci\u00f3n y nos explica qu\u00e9 verdades y mentiras se esconden detr\u00e1s de muchas creencias que suelen provenir de la falta de informaci\u00f3n rigurosa, la manipulaci\u00f3n de los mensajes publicitarios por parte de la industria alimentaria e incluso de los dogmas sociales.<\/p>\n","protected":false},"excerpt":{"rendered":"<p>Qui\u00e9n no ha o\u00eddo, y repetido, muchas veces frases como \u00abLa grasa engorda\u00bb, \u00abPara adelgazar debemos tomar menos calor\u00edas\u00bb, \u00abDesayunar es obligatorio para llevar una dieta<span class=\"excerpt-hellip\"> [\u2026]<\/span><\/p>\n","protected":false},"featured_media":470,"comment_status":"closed","ping_status":"closed","template":"","meta":[],"product_brand":[],"product_cat":[122],"product_tag":[],"class_list":{"0":"post-469","1":"product","2":"type-product","3":"status-publish","4":"has-post-thumbnail","6":"product_cat-libros","8":"first","9":"instock","10":"shipping-taxable","11":"purchasable","12":"product-type-simple"},"_links":{"self":[{"href":"https:\/\/inforcopysegarra.com\/index.php?rest_route=\/wp\/v2\/product\/469","targetHints":{"allow":["GET"]}}],"collection":[{"href":"https:\/\/inforcopysegarra.com\/index.php?rest_route=\/wp\/v2\/product"}],"about":[{"href":"https:\/\/inforcopysegarra.com\/index.php?rest_route=\/wp\/v2\/types\/product"}],"replies":[{"embeddable":true,"href":"https:\/\/inforcopysegarra.com\/index.php?rest_route=%2Fwp%2Fv2%2Fcomments&post=469"}],"wp:featuredmedia":[{"embeddable":true,"href":"https:\/\/inforcopysegarra.com\/index.php?rest_route=\/wp\/v2\/media\/470"}],"wp:attachment":[{"href":"https:\/\/inforcopysegarra.com\/index.php?rest_route=%2Fwp%2Fv2%2Fmedia&parent=469"}],"wp:term":[{"taxonomy":"product_brand","embeddable":true,"href":"https:\/\/inforcopysegarra.com\/index.php?rest_route=%2Fwp%2Fv2%2Fproduct_brand&post=469"},{"taxonomy":"product_cat","embeddable":true,"href":"https:\/\/inforcopysegarra.com\/index.php?rest_route=%2Fwp%2Fv2%2Fproduct_cat&post=469"},{"taxonomy":"product_tag","embeddable":true,"href":"https:\/\/inforcopysegarra.com\/index.php?rest_route=%2Fwp%2Fv2%2Fproduct_tag&post=469"}],"curies":[{"name":"wp","href":"https:\/\/api.w.org\/{rel}","templated":true}]}}