{"id":473,"date":"2024-10-09T17:45:07","date_gmt":"2024-10-09T15:45:07","guid":{"rendered":"https:\/\/inforcopysegarra.com\/?post_type=product&#038;p=473"},"modified":"2024-10-09T17:45:07","modified_gmt":"2024-10-09T15:45:07","slug":"reencuentro-en-la-villa-de-las-telas","status":"publish","type":"product","link":"https:\/\/inforcopysegarra.com\/?product=reencuentro-en-la-villa-de-las-telas","title":{"rendered":"Reencuentro en la villa de las telas"},"content":{"rendered":"<p>La villa de las telas cierra sus puertas con una cautivadora \u00faltima entrega. \u00bfPodr\u00e1n Marie y Paul salvar su historia de amor? Augsburgo, 1939. La familia Melzer se enfrenta a tiempos oscuros. La Segunda Guerra Mundial amenaza en el horizonte y va a cambiar las vidas de todos para siempre. La f\u00e1brica de telas est\u00e1 al borde de la bancarrota y Paul de nuevo tiene que tomar una dura decisi\u00f3n, esta vez sin su esposa, Marie, que desde 1935 vive con su hijo Leo en Nueva York.<\/p>\n","protected":false},"excerpt":{"rendered":"<p>La villa de las telas cierra sus puertas con una cautivadora \u00faltima entrega. \u00bfPodr\u00e1n Marie y Paul salvar su historia de amor? Augsburgo, 1939. La familia<span class=\"excerpt-hellip\"> [\u2026]<\/span><\/p>\n","protected":false},"featured_media":474,"comment_status":"closed","ping_status":"closed","template":"","meta":[],"product_brand":[],"product_cat":[122],"product_tag":[],"class_list":{"0":"post-473","1":"product","2":"type-product","3":"status-publish","4":"has-post-thumbnail","6":"product_cat-libros","8":"first","9":"instock","10":"shipping-taxable","11":"purchasable","12":"product-type-simple"},"_links":{"self":[{"href":"https:\/\/inforcopysegarra.com\/index.php?rest_route=\/wp\/v2\/product\/473","targetHints":{"allow":["GET"]}}],"collection":[{"href":"https:\/\/inforcopysegarra.com\/index.php?rest_route=\/wp\/v2\/product"}],"about":[{"href":"https:\/\/inforcopysegarra.com\/index.php?rest_route=\/wp\/v2\/types\/product"}],"replies":[{"embeddable":true,"href":"https:\/\/inforcopysegarra.com\/index.php?rest_route=%2Fwp%2Fv2%2Fcomments&post=473"}],"wp:featuredmedia":[{"embeddable":true,"href":"https:\/\/inforcopysegarra.com\/index.php?rest_route=\/wp\/v2\/media\/474"}],"wp:attachment":[{"href":"https:\/\/inforcopysegarra.com\/index.php?rest_route=%2Fwp%2Fv2%2Fmedia&parent=473"}],"wp:term":[{"taxonomy":"product_brand","embeddable":true,"href":"https:\/\/inforcopysegarra.com\/index.php?rest_route=%2Fwp%2Fv2%2Fproduct_brand&post=473"},{"taxonomy":"product_cat","embeddable":true,"href":"https:\/\/inforcopysegarra.com\/index.php?rest_route=%2Fwp%2Fv2%2Fproduct_cat&post=473"},{"taxonomy":"product_tag","embeddable":true,"href":"https:\/\/inforcopysegarra.com\/index.php?rest_route=%2Fwp%2Fv2%2Fproduct_tag&post=473"}],"curies":[{"name":"wp","href":"https:\/\/api.w.org\/{rel}","templated":true}]}}