{"id":475,"date":"2024-10-09T17:49:45","date_gmt":"2024-10-09T15:49:45","guid":{"rendered":"https:\/\/inforcopysegarra.com\/?post_type=product&#038;p=475"},"modified":"2024-10-09T17:49:46","modified_gmt":"2024-10-09T15:49:46","slug":"retratarte","status":"publish","type":"product","link":"https:\/\/inforcopysegarra.com\/?product=retratarte","title":{"rendered":"Retratarte"},"content":{"rendered":"<p><strong>Del autor de <em>Emocionarte<\/em>, con m\u00e1s de 100.000 lectores<\/strong><\/p>\n<p>Carlos del Amor va un paso m\u00e1s all\u00e1 en el viaje a trav\u00e9s de los cuadros que emprendi\u00f3 con <em>Emocionarte<\/em>. Esta vez se centra en el retrato, un g\u00e9nero que le permite recrear las vidas de los retratados y de los artistas, y c\u00f3mo estos \u00faltimos tambi\u00e9n se retratan en su forma de pintar.\u00a0La elecci\u00f3n de sus modelos o los retratos de encargo, la fidelidad realista al retratado o la percepci\u00f3n de este por parte del artista, el autorretrato que tantos practican, qui\u00e9nes eran los modelos y qu\u00e9 vidas llevaban, las dificultades de acogida de la obra por parte de quien la encarga o por el p\u00fablico, forman parte de la historia \u00edntima de estas obras que iremos descubriendo en el libro.<\/p>\n","protected":false},"excerpt":{"rendered":"<p>Del autor de Emocionarte, con m\u00e1s de 100.000 lectores Carlos del Amor va un paso m\u00e1s all\u00e1 en el viaje a trav\u00e9s de los cuadros que<span class=\"excerpt-hellip\"> [\u2026]<\/span><\/p>\n","protected":false},"featured_media":476,"comment_status":"closed","ping_status":"closed","template":"","meta":[],"product_brand":[],"product_cat":[122],"product_tag":[],"class_list":{"0":"post-475","1":"product","2":"type-product","3":"status-publish","4":"has-post-thumbnail","6":"product_cat-libros","8":"first","9":"instock","10":"shipping-taxable","11":"purchasable","12":"product-type-simple"},"_links":{"self":[{"href":"https:\/\/inforcopysegarra.com\/index.php?rest_route=\/wp\/v2\/product\/475","targetHints":{"allow":["GET"]}}],"collection":[{"href":"https:\/\/inforcopysegarra.com\/index.php?rest_route=\/wp\/v2\/product"}],"about":[{"href":"https:\/\/inforcopysegarra.com\/index.php?rest_route=\/wp\/v2\/types\/product"}],"replies":[{"embeddable":true,"href":"https:\/\/inforcopysegarra.com\/index.php?rest_route=%2Fwp%2Fv2%2Fcomments&post=475"}],"wp:featuredmedia":[{"embeddable":true,"href":"https:\/\/inforcopysegarra.com\/index.php?rest_route=\/wp\/v2\/media\/476"}],"wp:attachment":[{"href":"https:\/\/inforcopysegarra.com\/index.php?rest_route=%2Fwp%2Fv2%2Fmedia&parent=475"}],"wp:term":[{"taxonomy":"product_brand","embeddable":true,"href":"https:\/\/inforcopysegarra.com\/index.php?rest_route=%2Fwp%2Fv2%2Fproduct_brand&post=475"},{"taxonomy":"product_cat","embeddable":true,"href":"https:\/\/inforcopysegarra.com\/index.php?rest_route=%2Fwp%2Fv2%2Fproduct_cat&post=475"},{"taxonomy":"product_tag","embeddable":true,"href":"https:\/\/inforcopysegarra.com\/index.php?rest_route=%2Fwp%2Fv2%2Fproduct_tag&post=475"}],"curies":[{"name":"wp","href":"https:\/\/api.w.org\/{rel}","templated":true}]}}