{"id":477,"date":"2024-10-09T17:52:41","date_gmt":"2024-10-09T15:52:41","guid":{"rendered":"https:\/\/inforcopysegarra.com\/?post_type=product&#038;p=477"},"modified":"2024-10-09T17:52:42","modified_gmt":"2024-10-09T15:52:42","slug":"axterix-las-costumbres-explicadas","status":"publish","type":"product","link":"https:\/\/inforcopysegarra.com\/?product=axterix-las-costumbres-explicadas","title":{"rendered":"Axterix Las costumbres explicadas"},"content":{"rendered":"<p>\u00bfQue sabemos de la vida cotidiana de Asterix y de las costumbres de Julio Cesar? \u00bfC\u00f3mo viv\u00edan, amaban, se divert\u00edan y rezaban en la Galia y en Roma? \u00bfC\u00f3mo eran la sociedad, el trabajo, el sentido de la belleza y de lo sagrado en el a\u00f1o 50 a. C.? En los banquetes, los galos serv\u00edan m\u00e1s perros que jabal\u00edes. En los tribunales, los romanos eran tan versados en leyes como en retorcidas jugarretas. Gracias a Asterix y a los historiadores, este libro desmenuza curiosidades de la Galia y la antigua Roma.<\/p>\n","protected":false},"excerpt":{"rendered":"<p>\u00bfQue sabemos de la vida cotidiana de Asterix y de las costumbres de Julio Cesar? \u00bfC\u00f3mo viv\u00edan, amaban, se divert\u00edan y rezaban en la Galia y<span class=\"excerpt-hellip\"> [\u2026]<\/span><\/p>\n","protected":false},"featured_media":478,"comment_status":"closed","ping_status":"closed","template":"","meta":[],"product_brand":[],"product_cat":[122],"product_tag":[],"class_list":{"0":"post-477","1":"product","2":"type-product","3":"status-publish","4":"has-post-thumbnail","6":"product_cat-libros","8":"first","9":"instock","10":"shipping-taxable","11":"purchasable","12":"product-type-simple"},"_links":{"self":[{"href":"https:\/\/inforcopysegarra.com\/index.php?rest_route=\/wp\/v2\/product\/477","targetHints":{"allow":["GET"]}}],"collection":[{"href":"https:\/\/inforcopysegarra.com\/index.php?rest_route=\/wp\/v2\/product"}],"about":[{"href":"https:\/\/inforcopysegarra.com\/index.php?rest_route=\/wp\/v2\/types\/product"}],"replies":[{"embeddable":true,"href":"https:\/\/inforcopysegarra.com\/index.php?rest_route=%2Fwp%2Fv2%2Fcomments&post=477"}],"wp:featuredmedia":[{"embeddable":true,"href":"https:\/\/inforcopysegarra.com\/index.php?rest_route=\/wp\/v2\/media\/478"}],"wp:attachment":[{"href":"https:\/\/inforcopysegarra.com\/index.php?rest_route=%2Fwp%2Fv2%2Fmedia&parent=477"}],"wp:term":[{"taxonomy":"product_brand","embeddable":true,"href":"https:\/\/inforcopysegarra.com\/index.php?rest_route=%2Fwp%2Fv2%2Fproduct_brand&post=477"},{"taxonomy":"product_cat","embeddable":true,"href":"https:\/\/inforcopysegarra.com\/index.php?rest_route=%2Fwp%2Fv2%2Fproduct_cat&post=477"},{"taxonomy":"product_tag","embeddable":true,"href":"https:\/\/inforcopysegarra.com\/index.php?rest_route=%2Fwp%2Fv2%2Fproduct_tag&post=477"}],"curies":[{"name":"wp","href":"https:\/\/api.w.org\/{rel}","templated":true}]}}