{"id":479,"date":"2024-10-09T17:55:10","date_gmt":"2024-10-09T15:55:10","guid":{"rendered":"https:\/\/inforcopysegarra.com\/?post_type=product&#038;p=479"},"modified":"2024-10-09T17:55:10","modified_gmt":"2024-10-09T15:55:10","slug":"misteriosa-y-chispeante","status":"publish","type":"product","link":"https:\/\/inforcopysegarra.com\/?product=misteriosa-y-chispeante","title":{"rendered":"Misteriosa y Chispeante"},"content":{"rendered":"<p>\u00a1Nada puede detener a la misteriosa y chispeante Victoria Stitch! Una nueva aventura de la saga m\u00e1gica de Harriet Muncaster, creadora de Isadora Moon. Victoria Stitch por fin se ha convertido en la reina del Bosque de Wiskling, junto con su hermana Celestine. Adem\u00e1s, ahora es la orgullosa t\u00eda de la princesa Minnie Stitch, un beb\u00e9 diamante que heredar\u00e1 el trono.Cuando antiguos enemigos se llevan a su sobrina, Victoria Stitch har\u00e1 cualquier cosa para recuperarla. Ser\u00e1 capaz incluso de volver al mundo de los humanos para luchar con su amiga Naomi. Ha llegado el momento de lucirse de nuevo y de recordarle a todo el mundo que Victoria Stitch es, simplemente&#8230;, \u00a1la reina!<\/p>\n","protected":false},"excerpt":{"rendered":"<p>\u00a1Nada puede detener a la misteriosa y chispeante Victoria Stitch! Una nueva aventura de la saga m\u00e1gica de Harriet Muncaster, creadora de Isadora Moon. Victoria Stitch<span class=\"excerpt-hellip\"> [\u2026]<\/span><\/p>\n","protected":false},"featured_media":480,"comment_status":"closed","ping_status":"closed","template":"","meta":[],"product_brand":[],"product_cat":[122],"product_tag":[],"class_list":{"0":"post-479","1":"product","2":"type-product","3":"status-publish","4":"has-post-thumbnail","6":"product_cat-libros","8":"first","9":"instock","10":"shipping-taxable","11":"purchasable","12":"product-type-simple"},"_links":{"self":[{"href":"https:\/\/inforcopysegarra.com\/index.php?rest_route=\/wp\/v2\/product\/479","targetHints":{"allow":["GET"]}}],"collection":[{"href":"https:\/\/inforcopysegarra.com\/index.php?rest_route=\/wp\/v2\/product"}],"about":[{"href":"https:\/\/inforcopysegarra.com\/index.php?rest_route=\/wp\/v2\/types\/product"}],"replies":[{"embeddable":true,"href":"https:\/\/inforcopysegarra.com\/index.php?rest_route=%2Fwp%2Fv2%2Fcomments&post=479"}],"wp:featuredmedia":[{"embeddable":true,"href":"https:\/\/inforcopysegarra.com\/index.php?rest_route=\/wp\/v2\/media\/480"}],"wp:attachment":[{"href":"https:\/\/inforcopysegarra.com\/index.php?rest_route=%2Fwp%2Fv2%2Fmedia&parent=479"}],"wp:term":[{"taxonomy":"product_brand","embeddable":true,"href":"https:\/\/inforcopysegarra.com\/index.php?rest_route=%2Fwp%2Fv2%2Fproduct_brand&post=479"},{"taxonomy":"product_cat","embeddable":true,"href":"https:\/\/inforcopysegarra.com\/index.php?rest_route=%2Fwp%2Fv2%2Fproduct_cat&post=479"},{"taxonomy":"product_tag","embeddable":true,"href":"https:\/\/inforcopysegarra.com\/index.php?rest_route=%2Fwp%2Fv2%2Fproduct_tag&post=479"}],"curies":[{"name":"wp","href":"https:\/\/api.w.org\/{rel}","templated":true}]}}