{"id":481,"date":"2024-10-09T17:57:21","date_gmt":"2024-10-09T15:57:21","guid":{"rendered":"https:\/\/inforcopysegarra.com\/?post_type=product&#038;p=481"},"modified":"2024-10-09T17:57:21","modified_gmt":"2024-10-09T15:57:21","slug":"manucraft-y-la-invasion-de-los-no-muertos","status":"publish","type":"product","link":"https:\/\/inforcopysegarra.com\/?product=manucraft-y-la-invasion-de-los-no-muertos","title":{"rendered":"Manucraft y la invasi\u00f3n de los no muertos"},"content":{"rendered":"<p>\u00a1Manucraft pasa a la acci\u00f3n para vivir la aventura m\u00e1s epica de su vida!<\/p>\n<p>Manucraft est\u00e1 en la bodega del barco cuando se empiezan a escuchar truenos, explosiones y gritos. Ha llegado el momento de la batalla: la bruja de las Cuatro Lunas ha llegado con su ejercito de no muertos para invadir todos los mares y las tierras. \u00a1Hay que huir!<\/p>\n<p>Cuando por fin logra estar a salvo, Manu se da cuenta de que algo va mal. Siente algo raro en su interior, y poco a poco la transformaci\u00f3n comienza&#8230; \u00a1la bruja le ha lanzado un hechizo! Lo que nadie pod\u00eda prever es que, sin pretenderlo, el conjuro de magia provocar\u00eda LA AVENTURA M\u00c7S \u00c9PICA DE MANUCRAFT.<\/p>\n","protected":false},"excerpt":{"rendered":"<p>\u00a1Manucraft pasa a la acci\u00f3n para vivir la aventura m\u00e1s epica de su vida! Manucraft est\u00e1 en la bodega del barco cuando se empiezan a escuchar<span class=\"excerpt-hellip\"> [\u2026]<\/span><\/p>\n","protected":false},"featured_media":482,"comment_status":"closed","ping_status":"closed","template":"","meta":[],"product_brand":[],"product_cat":[122],"product_tag":[],"class_list":{"0":"post-481","1":"product","2":"type-product","3":"status-publish","4":"has-post-thumbnail","6":"product_cat-libros","8":"first","9":"instock","10":"shipping-taxable","11":"purchasable","12":"product-type-simple"},"_links":{"self":[{"href":"https:\/\/inforcopysegarra.com\/index.php?rest_route=\/wp\/v2\/product\/481","targetHints":{"allow":["GET"]}}],"collection":[{"href":"https:\/\/inforcopysegarra.com\/index.php?rest_route=\/wp\/v2\/product"}],"about":[{"href":"https:\/\/inforcopysegarra.com\/index.php?rest_route=\/wp\/v2\/types\/product"}],"replies":[{"embeddable":true,"href":"https:\/\/inforcopysegarra.com\/index.php?rest_route=%2Fwp%2Fv2%2Fcomments&post=481"}],"wp:featuredmedia":[{"embeddable":true,"href":"https:\/\/inforcopysegarra.com\/index.php?rest_route=\/wp\/v2\/media\/482"}],"wp:attachment":[{"href":"https:\/\/inforcopysegarra.com\/index.php?rest_route=%2Fwp%2Fv2%2Fmedia&parent=481"}],"wp:term":[{"taxonomy":"product_brand","embeddable":true,"href":"https:\/\/inforcopysegarra.com\/index.php?rest_route=%2Fwp%2Fv2%2Fproduct_brand&post=481"},{"taxonomy":"product_cat","embeddable":true,"href":"https:\/\/inforcopysegarra.com\/index.php?rest_route=%2Fwp%2Fv2%2Fproduct_cat&post=481"},{"taxonomy":"product_tag","embeddable":true,"href":"https:\/\/inforcopysegarra.com\/index.php?rest_route=%2Fwp%2Fv2%2Fproduct_tag&post=481"}],"curies":[{"name":"wp","href":"https:\/\/api.w.org\/{rel}","templated":true}]}}