{"id":483,"date":"2024-10-09T17:59:47","date_gmt":"2024-10-09T15:59:47","guid":{"rendered":"https:\/\/inforcopysegarra.com\/?post_type=product&#038;p=483"},"modified":"2024-10-09T17:59:47","modified_gmt":"2024-10-09T15:59:47","slug":"las-ratitas-la-magia-esta-en-ti","status":"publish","type":"product","link":"https:\/\/inforcopysegarra.com\/?product=las-ratitas-la-magia-esta-en-ti","title":{"rendered":"Las Ratitas. La magia est\u00e1 en ti"},"content":{"rendered":"<p>Contin\u00faan las aventuras de Las Ratitas, el canal infantil m\u00e1s seguido de YouTube<\/p>\n<p>Claudia y Gisele empiezan las vacaciones de Navidad. \u00a1Qu\u00e9 ilusi\u00f3n! Una tarde van al circo con sus amigos, pero se llevan una sorpresa desagradable: \u00a1hay animales enjaulados! \u00a1Y todos est\u00e1n muy tristes! Las Ratitas y sus amigos no entienden por qu\u00e9 los animales tienen que trabajar en vez de estar en la naturaleza. Por eso proponen al director del circo hacer una funci\u00f3n diferente y muy especial. \u00bfConseguir\u00e1n convencer al director de que no necesita animales para que el espect\u00e1culo sea un \u00e9xito? \u00bfLograr\u00e1n Claudia, Gisele y sus amigos salvar a los animales? \u00a1Desc\u00fabrelo en esta incre\u00edble aventura de Las Ratitas!<\/p>\n","protected":false},"excerpt":{"rendered":"<p>Contin\u00faan las aventuras de Las Ratitas, el canal infantil m\u00e1s seguido de YouTube Claudia y Gisele empiezan las vacaciones de Navidad. \u00a1Qu\u00e9 ilusi\u00f3n! Una tarde van<span class=\"excerpt-hellip\"> [\u2026]<\/span><\/p>\n","protected":false},"featured_media":484,"comment_status":"closed","ping_status":"closed","template":"","meta":[],"product_brand":[],"product_cat":[122],"product_tag":[],"class_list":{"0":"post-483","1":"product","2":"type-product","3":"status-publish","4":"has-post-thumbnail","6":"product_cat-libros","8":"first","9":"instock","10":"shipping-taxable","11":"purchasable","12":"product-type-simple"},"_links":{"self":[{"href":"https:\/\/inforcopysegarra.com\/index.php?rest_route=\/wp\/v2\/product\/483","targetHints":{"allow":["GET"]}}],"collection":[{"href":"https:\/\/inforcopysegarra.com\/index.php?rest_route=\/wp\/v2\/product"}],"about":[{"href":"https:\/\/inforcopysegarra.com\/index.php?rest_route=\/wp\/v2\/types\/product"}],"replies":[{"embeddable":true,"href":"https:\/\/inforcopysegarra.com\/index.php?rest_route=%2Fwp%2Fv2%2Fcomments&post=483"}],"wp:featuredmedia":[{"embeddable":true,"href":"https:\/\/inforcopysegarra.com\/index.php?rest_route=\/wp\/v2\/media\/484"}],"wp:attachment":[{"href":"https:\/\/inforcopysegarra.com\/index.php?rest_route=%2Fwp%2Fv2%2Fmedia&parent=483"}],"wp:term":[{"taxonomy":"product_brand","embeddable":true,"href":"https:\/\/inforcopysegarra.com\/index.php?rest_route=%2Fwp%2Fv2%2Fproduct_brand&post=483"},{"taxonomy":"product_cat","embeddable":true,"href":"https:\/\/inforcopysegarra.com\/index.php?rest_route=%2Fwp%2Fv2%2Fproduct_cat&post=483"},{"taxonomy":"product_tag","embeddable":true,"href":"https:\/\/inforcopysegarra.com\/index.php?rest_route=%2Fwp%2Fv2%2Fproduct_tag&post=483"}],"curies":[{"name":"wp","href":"https:\/\/api.w.org\/{rel}","templated":true}]}}