{"id":487,"date":"2024-10-09T18:03:59","date_gmt":"2024-10-09T16:03:59","guid":{"rendered":"https:\/\/inforcopysegarra.com\/?post_type=product&#038;p=487"},"modified":"2024-10-09T18:03:59","modified_gmt":"2024-10-09T16:03:59","slug":"un-cuento-de-empoderhadas-idiotizadas","status":"publish","type":"product","link":"https:\/\/inforcopysegarra.com\/?product=un-cuento-de-empoderhadas-idiotizadas","title":{"rendered":"Un cuento de empoderhadas. Idiotizadas"},"content":{"rendered":"<p>Moderna de pueblo ha crecido escuchando frases como \u00abeso no es propio de una se\u00f1orita\u00bb, \u00abesa es una guarra\u00bb o \u00abel d\u00eda de tu boda ser\u00e1 el m\u00e1s feliz de tu vida\u00bb. Pero despu\u00e9s de mudarse a la ciudad y conocer a Zorricienta, Gordinieves y la Sirenita Pescada, va despertando de todas esas idiotizaciones y empieza un largo camino para desaprender todo lo que nunca deber\u00edan haberle ense\u00f1ado. Siente que todo lo que ha visto en las pel\u00edculas de princesas y todos los consejos que ha recibido de sus padres, abuelas o amigas para convertirse en una \u00abmujer como dios manda\u00bb la han intoxicado y se da cuenta de cu\u00e1nto tiempo ha perdido en gustar a los hombres y en buscar el amor de su vida. Por eso, cuando por fin lo encuentra, tiene miedo de dejarlo todo por \u00e9l y volver a adormecerse en esas idiotizaciones cual bella durmiente. Si el amor ha sido el opio de las mujeres, \u00bftiene que desintoxicarse de esa droga y dejar su relaci\u00f3n para convertirse en la mujer de sus sue\u00f1os?<\/p>\n","protected":false},"excerpt":{"rendered":"<p>Moderna de pueblo ha crecido escuchando frases como \u00abeso no es propio de una se\u00f1orita\u00bb, \u00abesa es una guarra\u00bb o \u00abel d\u00eda de tu boda ser\u00e1<span class=\"excerpt-hellip\"> [\u2026]<\/span><\/p>\n","protected":false},"featured_media":488,"comment_status":"closed","ping_status":"closed","template":"","meta":[],"product_brand":[],"product_cat":[122],"product_tag":[],"class_list":{"0":"post-487","1":"product","2":"type-product","3":"status-publish","4":"has-post-thumbnail","6":"product_cat-libros","8":"first","9":"instock","10":"shipping-taxable","11":"purchasable","12":"product-type-simple"},"_links":{"self":[{"href":"https:\/\/inforcopysegarra.com\/index.php?rest_route=\/wp\/v2\/product\/487","targetHints":{"allow":["GET"]}}],"collection":[{"href":"https:\/\/inforcopysegarra.com\/index.php?rest_route=\/wp\/v2\/product"}],"about":[{"href":"https:\/\/inforcopysegarra.com\/index.php?rest_route=\/wp\/v2\/types\/product"}],"replies":[{"embeddable":true,"href":"https:\/\/inforcopysegarra.com\/index.php?rest_route=%2Fwp%2Fv2%2Fcomments&post=487"}],"wp:featuredmedia":[{"embeddable":true,"href":"https:\/\/inforcopysegarra.com\/index.php?rest_route=\/wp\/v2\/media\/488"}],"wp:attachment":[{"href":"https:\/\/inforcopysegarra.com\/index.php?rest_route=%2Fwp%2Fv2%2Fmedia&parent=487"}],"wp:term":[{"taxonomy":"product_brand","embeddable":true,"href":"https:\/\/inforcopysegarra.com\/index.php?rest_route=%2Fwp%2Fv2%2Fproduct_brand&post=487"},{"taxonomy":"product_cat","embeddable":true,"href":"https:\/\/inforcopysegarra.com\/index.php?rest_route=%2Fwp%2Fv2%2Fproduct_cat&post=487"},{"taxonomy":"product_tag","embeddable":true,"href":"https:\/\/inforcopysegarra.com\/index.php?rest_route=%2Fwp%2Fv2%2Fproduct_tag&post=487"}],"curies":[{"name":"wp","href":"https:\/\/api.w.org\/{rel}","templated":true}]}}