{"id":491,"date":"2024-10-09T18:08:54","date_gmt":"2024-10-09T16:08:54","guid":{"rendered":"https:\/\/inforcopysegarra.com\/?post_type=product&#038;p=491"},"modified":"2024-10-09T18:08:54","modified_gmt":"2024-10-09T16:08:54","slug":"lulu-tiene-un-hermanito","status":"publish","type":"product","link":"https:\/\/inforcopysegarra.com\/?product=lulu-tiene-un-hermanito","title":{"rendered":"Lul\u00fa tiene un hermanito"},"content":{"rendered":"<p>Lul\u00fa est\u00e1 muy contenta: va a tener un hermanito y ella ser\u00e1 la hermana mayor. El beb\u00e9 es muy dulce y muy ruidoso. Lul\u00fa le quiere mucho.<br \/>\nUn libro con solapas para ni\u00f1os de 2 a\u00f1os en adelante.<\/p>\n","protected":false},"excerpt":{"rendered":"<p>Lul\u00fa est\u00e1 muy contenta: va a tener un hermanito y ella ser\u00e1 la hermana mayor. El beb\u00e9 es muy dulce y muy ruidoso. Lul\u00fa le quiere<span class=\"excerpt-hellip\"> [\u2026]<\/span><\/p>\n","protected":false},"featured_media":492,"comment_status":"closed","ping_status":"closed","template":"","meta":[],"product_brand":[],"product_cat":[122],"product_tag":[],"class_list":{"0":"post-491","1":"product","2":"type-product","3":"status-publish","4":"has-post-thumbnail","6":"product_cat-libros","8":"first","9":"instock","10":"shipping-taxable","11":"purchasable","12":"product-type-simple"},"_links":{"self":[{"href":"https:\/\/inforcopysegarra.com\/index.php?rest_route=\/wp\/v2\/product\/491","targetHints":{"allow":["GET"]}}],"collection":[{"href":"https:\/\/inforcopysegarra.com\/index.php?rest_route=\/wp\/v2\/product"}],"about":[{"href":"https:\/\/inforcopysegarra.com\/index.php?rest_route=\/wp\/v2\/types\/product"}],"replies":[{"embeddable":true,"href":"https:\/\/inforcopysegarra.com\/index.php?rest_route=%2Fwp%2Fv2%2Fcomments&post=491"}],"wp:featuredmedia":[{"embeddable":true,"href":"https:\/\/inforcopysegarra.com\/index.php?rest_route=\/wp\/v2\/media\/492"}],"wp:attachment":[{"href":"https:\/\/inforcopysegarra.com\/index.php?rest_route=%2Fwp%2Fv2%2Fmedia&parent=491"}],"wp:term":[{"taxonomy":"product_brand","embeddable":true,"href":"https:\/\/inforcopysegarra.com\/index.php?rest_route=%2Fwp%2Fv2%2Fproduct_brand&post=491"},{"taxonomy":"product_cat","embeddable":true,"href":"https:\/\/inforcopysegarra.com\/index.php?rest_route=%2Fwp%2Fv2%2Fproduct_cat&post=491"},{"taxonomy":"product_tag","embeddable":true,"href":"https:\/\/inforcopysegarra.com\/index.php?rest_route=%2Fwp%2Fv2%2Fproduct_tag&post=491"}],"curies":[{"name":"wp","href":"https:\/\/api.w.org\/{rel}","templated":true}]}}