{"id":513,"date":"2024-07-22T22:04:16","date_gmt":"2024-07-22T20:04:16","guid":{"rendered":"https:\/\/inforcopysegarra.com\/?post_type=product&#038;p=513"},"modified":"2024-10-24T13:53:10","modified_gmt":"2024-10-24T11:53:10","slug":"movil-basico-tcl-one-touch-4043d-4g-3-2","status":"publish","type":"product","link":"https:\/\/inforcopysegarra.com\/?product=movil-basico-tcl-one-touch-4043d-4g-3-2","title":{"rendered":"M\u00f3vil B\u00e1sico TCL One Touch 4043D 4G 3.2&#8243;"},"content":{"rendered":"<p>Tel\u00e9fono para Personas Mayores con Bot\u00f3n SOS Negro Libre.<\/p>\n<p>\u00bfBuscas un tel\u00e9fono cl\u00e1sico, peque\u00f1o y f\u00e1cil de manejar para tus padres o abuelos? Elige el <strong>TCL OneTouch 4043D<\/strong>, de color Dark Night Grey, con confianza. Este m\u00f3vil ha sido especialmente dise\u00f1ado para satisfacer las necesidades de las personas mayores: facilidad de comunicaci\u00f3n, facilidad de uso, men\u00fa intuitivo y seguridad.<\/p>\n","protected":false},"excerpt":{"rendered":"<p>Tel\u00e9fono para Personas Mayores con Bot\u00f3n SOS Negro Libre. \u00bfBuscas un tel\u00e9fono cl\u00e1sico, peque\u00f1o y f\u00e1cil de manejar para tus padres o abuelos? Elige el TCL<span class=\"excerpt-hellip\"> [\u2026]<\/span><\/p>\n","protected":false},"featured_media":514,"comment_status":"closed","ping_status":"closed","template":"","meta":[],"product_brand":[],"product_cat":[24],"product_tag":[],"class_list":{"0":"post-513","1":"product","2":"type-product","3":"status-publish","4":"has-post-thumbnail","6":"product_cat-informatica","8":"first","9":"instock","10":"shipping-taxable","11":"purchasable","12":"product-type-simple"},"_links":{"self":[{"href":"https:\/\/inforcopysegarra.com\/index.php?rest_route=\/wp\/v2\/product\/513","targetHints":{"allow":["GET"]}}],"collection":[{"href":"https:\/\/inforcopysegarra.com\/index.php?rest_route=\/wp\/v2\/product"}],"about":[{"href":"https:\/\/inforcopysegarra.com\/index.php?rest_route=\/wp\/v2\/types\/product"}],"replies":[{"embeddable":true,"href":"https:\/\/inforcopysegarra.com\/index.php?rest_route=%2Fwp%2Fv2%2Fcomments&post=513"}],"wp:featuredmedia":[{"embeddable":true,"href":"https:\/\/inforcopysegarra.com\/index.php?rest_route=\/wp\/v2\/media\/514"}],"wp:attachment":[{"href":"https:\/\/inforcopysegarra.com\/index.php?rest_route=%2Fwp%2Fv2%2Fmedia&parent=513"}],"wp:term":[{"taxonomy":"product_brand","embeddable":true,"href":"https:\/\/inforcopysegarra.com\/index.php?rest_route=%2Fwp%2Fv2%2Fproduct_brand&post=513"},{"taxonomy":"product_cat","embeddable":true,"href":"https:\/\/inforcopysegarra.com\/index.php?rest_route=%2Fwp%2Fv2%2Fproduct_cat&post=513"},{"taxonomy":"product_tag","embeddable":true,"href":"https:\/\/inforcopysegarra.com\/index.php?rest_route=%2Fwp%2Fv2%2Fproduct_tag&post=513"}],"curies":[{"name":"wp","href":"https:\/\/api.w.org\/{rel}","templated":true}]}}