{"id":521,"date":"2024-07-22T22:20:15","date_gmt":"2024-07-22T20:20:15","guid":{"rendered":"https:\/\/inforcopysegarra.com\/?post_type=product&#038;p=521"},"modified":"2024-10-24T14:00:41","modified_gmt":"2024-10-24T12:00:41","slug":"mini-kit-de-manualidades-hada-magica","status":"publish","type":"product","link":"https:\/\/inforcopysegarra.com\/?product=mini-kit-de-manualidades-hada-magica","title":{"rendered":"Mini Kit de Manualidades Hada Magica"},"content":{"rendered":"<p>Mini kit de manualidades para crear un hada m\u00e1gica a partir del material que se incluye dentro. El pack incluye: todo el material necesario para crear la figura que se muestra en el pack (excepto adhesivo) y una hoja de instrucciones con el paso a paso. Actividad l\u00fadica con numerosos beneficios: reduce el estr\u00e9s, aumenta la autoestima, mejora la memoria, desarrolla la coordinaci\u00f3n y favorece el enriquecimiento personal al crear una obra de arte. \u00a1Descubre toda la gama de Craft Kits y colecci\u00f3nalos! Recomendado para ni\u00f1os a partir de 4 a\u00f1os. Caracter\u00edsticas: -Edad recomendada: +4 a\u00f1os -Formato de venta: Caja de cart\u00f3n con ventana<\/p>\n","protected":false},"excerpt":{"rendered":"<p>Mini kit de manualidades para crear un hada m\u00e1gica a partir del material que se incluye dentro. El pack incluye: todo el material necesario para crear<span class=\"excerpt-hellip\"> [\u2026]<\/span><\/p>\n","protected":false},"featured_media":522,"comment_status":"closed","ping_status":"closed","template":"","meta":[],"product_brand":[],"product_cat":[120,112,28],"product_tag":[],"class_list":{"0":"post-521","1":"product","2":"type-product","3":"status-publish","4":"has-post-thumbnail","6":"product_cat-juegos-y-juguetes","7":"product_cat-manualidades","8":"product_cat-regalos","10":"first","11":"instock","12":"shipping-taxable","13":"purchasable","14":"product-type-simple"},"_links":{"self":[{"href":"https:\/\/inforcopysegarra.com\/index.php?rest_route=\/wp\/v2\/product\/521","targetHints":{"allow":["GET"]}}],"collection":[{"href":"https:\/\/inforcopysegarra.com\/index.php?rest_route=\/wp\/v2\/product"}],"about":[{"href":"https:\/\/inforcopysegarra.com\/index.php?rest_route=\/wp\/v2\/types\/product"}],"replies":[{"embeddable":true,"href":"https:\/\/inforcopysegarra.com\/index.php?rest_route=%2Fwp%2Fv2%2Fcomments&post=521"}],"wp:featuredmedia":[{"embeddable":true,"href":"https:\/\/inforcopysegarra.com\/index.php?rest_route=\/wp\/v2\/media\/522"}],"wp:attachment":[{"href":"https:\/\/inforcopysegarra.com\/index.php?rest_route=%2Fwp%2Fv2%2Fmedia&parent=521"}],"wp:term":[{"taxonomy":"product_brand","embeddable":true,"href":"https:\/\/inforcopysegarra.com\/index.php?rest_route=%2Fwp%2Fv2%2Fproduct_brand&post=521"},{"taxonomy":"product_cat","embeddable":true,"href":"https:\/\/inforcopysegarra.com\/index.php?rest_route=%2Fwp%2Fv2%2Fproduct_cat&post=521"},{"taxonomy":"product_tag","embeddable":true,"href":"https:\/\/inforcopysegarra.com\/index.php?rest_route=%2Fwp%2Fv2%2Fproduct_tag&post=521"}],"curies":[{"name":"wp","href":"https:\/\/api.w.org\/{rel}","templated":true}]}}