{"id":538,"date":"2024-07-22T07:10:55","date_gmt":"2024-07-22T05:10:55","guid":{"rendered":"https:\/\/inforcopysegarra.com\/?post_type=product&#038;p=538"},"modified":"2024-10-24T13:58:38","modified_gmt":"2024-10-24T11:58:38","slug":"datatraveler-70-unidad-flash-usb-64gb","status":"publish","type":"product","link":"https:\/\/inforcopysegarra.com\/?product=datatraveler-70-unidad-flash-usb-64gb","title":{"rendered":"DataTraveler 70 Unidad Flash USB. 64gb"},"content":{"rendered":"<p>Kingston\u2019s DataTraveler 70\u00ae es una unidad Flash USB-C<sup class=\"u-txt-footnote\" data-original=\"{{Footnote.N59135}}\">1<\/sup> ligera, port\u00e1til y compatible con la norma USB 3.2 Gen 1. Ha sido dise\u00f1ada para dispositivos compatibles con USB-C, como notebooks, port\u00e1tiles, tabletas y tel\u00e9fonos inteligentes. Con capacidades de hasta 256 GB<sup class=\"u-txt-footnote\" data-original=\"{{Footnote.N37130}}\">2<\/sup>, la DataTraveler 70 le permitir\u00e1 ampliar con creces su almacenamiento para el uso diario. Adem\u00e1s, est\u00e1 respaldada por una garant\u00eda de 5 a\u00f1os y asistencia t\u00e9cnica gratuita.<\/p>\n","protected":false},"excerpt":{"rendered":"<p>Kingston\u2019s DataTraveler 70\u00ae es una unidad Flash USB-C1 ligera, port\u00e1til y compatible con la norma USB 3.2 Gen 1. Ha sido dise\u00f1ada para dispositivos compatibles con<span class=\"excerpt-hellip\"> [\u2026]<\/span><\/p>\n","protected":false},"featured_media":539,"comment_status":"closed","ping_status":"closed","template":"","meta":[],"product_brand":[],"product_cat":[24],"product_tag":[],"class_list":{"0":"post-538","1":"product","2":"type-product","3":"status-publish","4":"has-post-thumbnail","6":"product_cat-informatica","8":"first","9":"instock","10":"shipping-taxable","11":"purchasable","12":"product-type-simple"},"_links":{"self":[{"href":"https:\/\/inforcopysegarra.com\/index.php?rest_route=\/wp\/v2\/product\/538","targetHints":{"allow":["GET"]}}],"collection":[{"href":"https:\/\/inforcopysegarra.com\/index.php?rest_route=\/wp\/v2\/product"}],"about":[{"href":"https:\/\/inforcopysegarra.com\/index.php?rest_route=\/wp\/v2\/types\/product"}],"replies":[{"embeddable":true,"href":"https:\/\/inforcopysegarra.com\/index.php?rest_route=%2Fwp%2Fv2%2Fcomments&post=538"}],"wp:featuredmedia":[{"embeddable":true,"href":"https:\/\/inforcopysegarra.com\/index.php?rest_route=\/wp\/v2\/media\/539"}],"wp:attachment":[{"href":"https:\/\/inforcopysegarra.com\/index.php?rest_route=%2Fwp%2Fv2%2Fmedia&parent=538"}],"wp:term":[{"taxonomy":"product_brand","embeddable":true,"href":"https:\/\/inforcopysegarra.com\/index.php?rest_route=%2Fwp%2Fv2%2Fproduct_brand&post=538"},{"taxonomy":"product_cat","embeddable":true,"href":"https:\/\/inforcopysegarra.com\/index.php?rest_route=%2Fwp%2Fv2%2Fproduct_cat&post=538"},{"taxonomy":"product_tag","embeddable":true,"href":"https:\/\/inforcopysegarra.com\/index.php?rest_route=%2Fwp%2Fv2%2Fproduct_tag&post=538"}],"curies":[{"name":"wp","href":"https:\/\/api.w.org\/{rel}","templated":true}]}}