{"id":547,"date":"2024-07-22T08:11:56","date_gmt":"2024-07-22T06:11:56","guid":{"rendered":"https:\/\/inforcopysegarra.com\/?post_type=product&#038;p=547"},"modified":"2024-10-24T13:57:25","modified_gmt":"2024-10-24T11:57:25","slug":"inalambrico-headphones-x15-inalambrico","status":"publish","type":"product","link":"https:\/\/inforcopysegarra.com\/?product=inalambrico-headphones-x15-inalambrico","title":{"rendered":"Inal\u00e1mbrico Headphones, X15 Inal\u00e1mbrico"},"content":{"rendered":"<p>Tiempo de reproducci\u00f3n 35HIPX7 ImpermeableBass profundoBluetooth 5.2C\u00f3modo de usar<\/p>\n<ul>\n<li>Carga inal\u00e1mbrica: Equipado con un compartimento para auriculares que admite la carga inal\u00e1mbrica, col\u00f3quelo a su alcance y desh\u00e1gase de la limitaci\u00f3n del cable de carga.<\/li>\n<\/ul>\n","protected":false},"excerpt":{"rendered":"<p>Tiempo de reproducci\u00f3n 35HIPX7 ImpermeableBass profundoBluetooth 5.2C\u00f3modo de usar Carga inal\u00e1mbrica: Equipado con un compartimento para auriculares que admite la carga inal\u00e1mbrica, col\u00f3quelo a su alcance<span class=\"excerpt-hellip\"> [\u2026]<\/span><\/p>\n","protected":false},"featured_media":548,"comment_status":"closed","ping_status":"closed","template":"","meta":[],"product_brand":[],"product_cat":[24],"product_tag":[],"class_list":{"0":"post-547","1":"product","2":"type-product","3":"status-publish","4":"has-post-thumbnail","6":"product_cat-informatica","8":"first","9":"instock","10":"shipping-taxable","11":"purchasable","12":"product-type-simple"},"_links":{"self":[{"href":"https:\/\/inforcopysegarra.com\/index.php?rest_route=\/wp\/v2\/product\/547","targetHints":{"allow":["GET"]}}],"collection":[{"href":"https:\/\/inforcopysegarra.com\/index.php?rest_route=\/wp\/v2\/product"}],"about":[{"href":"https:\/\/inforcopysegarra.com\/index.php?rest_route=\/wp\/v2\/types\/product"}],"replies":[{"embeddable":true,"href":"https:\/\/inforcopysegarra.com\/index.php?rest_route=%2Fwp%2Fv2%2Fcomments&post=547"}],"wp:featuredmedia":[{"embeddable":true,"href":"https:\/\/inforcopysegarra.com\/index.php?rest_route=\/wp\/v2\/media\/548"}],"wp:attachment":[{"href":"https:\/\/inforcopysegarra.com\/index.php?rest_route=%2Fwp%2Fv2%2Fmedia&parent=547"}],"wp:term":[{"taxonomy":"product_brand","embeddable":true,"href":"https:\/\/inforcopysegarra.com\/index.php?rest_route=%2Fwp%2Fv2%2Fproduct_brand&post=547"},{"taxonomy":"product_cat","embeddable":true,"href":"https:\/\/inforcopysegarra.com\/index.php?rest_route=%2Fwp%2Fv2%2Fproduct_cat&post=547"},{"taxonomy":"product_tag","embeddable":true,"href":"https:\/\/inforcopysegarra.com\/index.php?rest_route=%2Fwp%2Fv2%2Fproduct_tag&post=547"}],"curies":[{"name":"wp","href":"https:\/\/api.w.org\/{rel}","templated":true}]}}