{"id":572,"date":"2024-07-22T18:56:29","date_gmt":"2024-07-22T16:56:29","guid":{"rendered":"https:\/\/inforcopysegarra.com\/?post_type=product&#038;p=572"},"modified":"2024-10-24T13:56:40","modified_gmt":"2024-10-24T11:56:40","slug":"educa-borras-puzzle-baby-erase-una-vez","status":"publish","type":"product","link":"https:\/\/inforcopysegarra.com\/?product=educa-borras-puzzle-baby-erase-una-vez","title":{"rendered":"Educa Borras Puzzle Baby \u00c9rase Una Vez"},"content":{"rendered":"<p>5 puzzles de 2 a 5 piezas para construir aut\u00e9nticas figuras y jugar con ellas.<\/p>\n<p>Piezas m\u00e1s grandes, m\u00e1s gruesas y m\u00e1s f\u00e1ciles de manipular:<br \/>\nEstimulan la fijaci\u00f3n de la atenci\u00f3n as\u00ed como el desarrollo de la psicomotricidad, la curiosidad e imaginaci\u00f3n de los m\u00e1s peque\u00f1os.<\/p>\n","protected":false},"excerpt":{"rendered":"<p>5 puzzles de 2 a 5 piezas para construir aut\u00e9nticas figuras y jugar con ellas. Piezas m\u00e1s grandes, m\u00e1s gruesas y m\u00e1s f\u00e1ciles de manipular: Estimulan<span class=\"excerpt-hellip\"> [\u2026]<\/span><\/p>\n","protected":false},"featured_media":573,"comment_status":"closed","ping_status":"closed","template":"","meta":[],"product_brand":[],"product_cat":[120,28],"product_tag":[],"class_list":{"0":"post-572","1":"product","2":"type-product","3":"status-publish","4":"has-post-thumbnail","6":"product_cat-juegos-y-juguetes","7":"product_cat-regalos","9":"first","10":"instock","11":"shipping-taxable","12":"purchasable","13":"product-type-simple"},"_links":{"self":[{"href":"https:\/\/inforcopysegarra.com\/index.php?rest_route=\/wp\/v2\/product\/572","targetHints":{"allow":["GET"]}}],"collection":[{"href":"https:\/\/inforcopysegarra.com\/index.php?rest_route=\/wp\/v2\/product"}],"about":[{"href":"https:\/\/inforcopysegarra.com\/index.php?rest_route=\/wp\/v2\/types\/product"}],"replies":[{"embeddable":true,"href":"https:\/\/inforcopysegarra.com\/index.php?rest_route=%2Fwp%2Fv2%2Fcomments&post=572"}],"wp:featuredmedia":[{"embeddable":true,"href":"https:\/\/inforcopysegarra.com\/index.php?rest_route=\/wp\/v2\/media\/573"}],"wp:attachment":[{"href":"https:\/\/inforcopysegarra.com\/index.php?rest_route=%2Fwp%2Fv2%2Fmedia&parent=572"}],"wp:term":[{"taxonomy":"product_brand","embeddable":true,"href":"https:\/\/inforcopysegarra.com\/index.php?rest_route=%2Fwp%2Fv2%2Fproduct_brand&post=572"},{"taxonomy":"product_cat","embeddable":true,"href":"https:\/\/inforcopysegarra.com\/index.php?rest_route=%2Fwp%2Fv2%2Fproduct_cat&post=572"},{"taxonomy":"product_tag","embeddable":true,"href":"https:\/\/inforcopysegarra.com\/index.php?rest_route=%2Fwp%2Fv2%2Fproduct_tag&post=572"}],"curies":[{"name":"wp","href":"https:\/\/api.w.org\/{rel}","templated":true}]}}