{"id":574,"date":"2024-07-22T18:59:43","date_gmt":"2024-07-22T16:59:43","guid":{"rendered":"https:\/\/inforcopysegarra.com\/?post_type=product&#038;p=574"},"modified":"2024-10-24T13:56:26","modified_gmt":"2024-10-24T11:56:26","slug":"juego-magnetico-mix-match-modelo-tropico","status":"publish","type":"product","link":"https:\/\/inforcopysegarra.com\/?product=juego-magnetico-mix-match-modelo-tropico","title":{"rendered":"Juego magn\u00e9tico Mix &#038; Match modelo TR\u00d3PICO"},"content":{"rendered":"<p><span class=\"a-list-item\">JUEGO magn\u00e9tico infantil modelo Tr\u00f3pico; \u00a1Viste al personaje con tus atuendos favoritos para realizar un viaje por el Tr\u00f3pico<\/span><\/p>\n<p><span class=\"a-list-item\">FORMATO compacto y pr\u00e1ctico en caja met\u00e1lica; \u00f3ptimo para transportar a cualquier lugar o llevar de viaje<\/span><\/p>\n<p><span class=\"a-list-item\">INCLUYE una caja met\u00e1lica que sirve como escenario de juego y 35 piezas magn\u00e9ticas para crear 6 conjuntos completos; \u00a1Tambi\u00e9n puedes intercambiar las piezas de ropa para crear infinitas combinaciones<\/span><\/p>\n","protected":false},"excerpt":{"rendered":"<p>JUEGO magn\u00e9tico infantil modelo Tr\u00f3pico; \u00a1Viste al personaje con tus atuendos favoritos para realizar un viaje por el Tr\u00f3pico FORMATO compacto y pr\u00e1ctico en caja met\u00e1lica;<span class=\"excerpt-hellip\"> [\u2026]<\/span><\/p>\n","protected":false},"featured_media":575,"comment_status":"closed","ping_status":"closed","template":"","meta":[],"product_brand":[],"product_cat":[120,28],"product_tag":[],"class_list":{"0":"post-574","1":"product","2":"type-product","3":"status-publish","4":"has-post-thumbnail","6":"product_cat-juegos-y-juguetes","7":"product_cat-regalos","9":"first","10":"instock","11":"shipping-taxable","12":"purchasable","13":"product-type-simple"},"_links":{"self":[{"href":"https:\/\/inforcopysegarra.com\/index.php?rest_route=\/wp\/v2\/product\/574","targetHints":{"allow":["GET"]}}],"collection":[{"href":"https:\/\/inforcopysegarra.com\/index.php?rest_route=\/wp\/v2\/product"}],"about":[{"href":"https:\/\/inforcopysegarra.com\/index.php?rest_route=\/wp\/v2\/types\/product"}],"replies":[{"embeddable":true,"href":"https:\/\/inforcopysegarra.com\/index.php?rest_route=%2Fwp%2Fv2%2Fcomments&post=574"}],"wp:featuredmedia":[{"embeddable":true,"href":"https:\/\/inforcopysegarra.com\/index.php?rest_route=\/wp\/v2\/media\/575"}],"wp:attachment":[{"href":"https:\/\/inforcopysegarra.com\/index.php?rest_route=%2Fwp%2Fv2%2Fmedia&parent=574"}],"wp:term":[{"taxonomy":"product_brand","embeddable":true,"href":"https:\/\/inforcopysegarra.com\/index.php?rest_route=%2Fwp%2Fv2%2Fproduct_brand&post=574"},{"taxonomy":"product_cat","embeddable":true,"href":"https:\/\/inforcopysegarra.com\/index.php?rest_route=%2Fwp%2Fv2%2Fproduct_cat&post=574"},{"taxonomy":"product_tag","embeddable":true,"href":"https:\/\/inforcopysegarra.com\/index.php?rest_route=%2Fwp%2Fv2%2Fproduct_tag&post=574"}],"curies":[{"name":"wp","href":"https:\/\/api.w.org\/{rel}","templated":true}]}}