{"id":614,"date":"2024-07-22T18:40:18","date_gmt":"2024-07-22T16:40:18","guid":{"rendered":"https:\/\/inforcopysegarra.com\/?post_type=product&#038;p=614"},"modified":"2024-10-24T13:49:18","modified_gmt":"2024-10-24T11:49:18","slug":"3d-cube-puzzle-3x3","status":"publish","type":"product","link":"https:\/\/inforcopysegarra.com\/?product=3d-cube-puzzle-3x3","title":{"rendered":"3D Cube puzzle 3X3"},"content":{"rendered":"<p>\u00a1Resu\u00e9lvelo! \u00a1Ap\u00edlalos! 6 adorables rompecabezas para los m\u00e1s peque\u00f1os<\/p>\n","protected":false},"excerpt":{"rendered":"<p>\u00a1Resu\u00e9lvelo! \u00a1Ap\u00edlalos! 6 adorables rompecabezas para los m\u00e1s peque\u00f1os<\/p>\n","protected":false},"featured_media":615,"comment_status":"closed","ping_status":"closed","template":"","meta":[],"product_brand":[],"product_cat":[120,112,28],"product_tag":[],"class_list":{"0":"post-614","1":"product","2":"type-product","3":"status-publish","4":"has-post-thumbnail","6":"product_cat-juegos-y-juguetes","7":"product_cat-manualidades","8":"product_cat-regalos","10":"first","11":"instock","12":"shipping-taxable","13":"purchasable","14":"product-type-simple"},"_links":{"self":[{"href":"https:\/\/inforcopysegarra.com\/index.php?rest_route=\/wp\/v2\/product\/614","targetHints":{"allow":["GET"]}}],"collection":[{"href":"https:\/\/inforcopysegarra.com\/index.php?rest_route=\/wp\/v2\/product"}],"about":[{"href":"https:\/\/inforcopysegarra.com\/index.php?rest_route=\/wp\/v2\/types\/product"}],"replies":[{"embeddable":true,"href":"https:\/\/inforcopysegarra.com\/index.php?rest_route=%2Fwp%2Fv2%2Fcomments&post=614"}],"wp:featuredmedia":[{"embeddable":true,"href":"https:\/\/inforcopysegarra.com\/index.php?rest_route=\/wp\/v2\/media\/615"}],"wp:attachment":[{"href":"https:\/\/inforcopysegarra.com\/index.php?rest_route=%2Fwp%2Fv2%2Fmedia&parent=614"}],"wp:term":[{"taxonomy":"product_brand","embeddable":true,"href":"https:\/\/inforcopysegarra.com\/index.php?rest_route=%2Fwp%2Fv2%2Fproduct_brand&post=614"},{"taxonomy":"product_cat","embeddable":true,"href":"https:\/\/inforcopysegarra.com\/index.php?rest_route=%2Fwp%2Fv2%2Fproduct_cat&post=614"},{"taxonomy":"product_tag","embeddable":true,"href":"https:\/\/inforcopysegarra.com\/index.php?rest_route=%2Fwp%2Fv2%2Fproduct_tag&post=614"}],"curies":[{"name":"wp","href":"https:\/\/api.w.org\/{rel}","templated":true}]}}